{"id":864,"date":"2020-04-05T21:56:39","date_gmt":"2020-04-05T19:56:39","guid":{"rendered":"http:\/\/romex.pl\/produkt\/autocysterna-do-mleka-2000l-na-podwoziu-mercedes-sprinter\/"},"modified":"2020-04-20T07:42:57","modified_gmt":"2020-04-20T05:42:57","slug":"romex-mercedes-sprinter-2000l-milk-collection-tanker","status":"publish","type":"product","link":"https:\/\/romex.pl\/en\/produkt\/romex-mercedes-sprinter-2000l-milk-collection-tanker\/","title":{"rendered":"ROMEX 2000L tanker on Mercedes Sprinter chassis"},"content":{"rendered":"<h4 id=\"text_header_2\">Main product features<\/h4>\n<ul>\n<li>2-compartments <strong>Tanker<\/strong><\/li>\n<li>Insulated tank<\/li>\n<li>Low center of gravity<\/li>\n<li>Central CIP system<\/li>\n<li>Measurement cabinet mounted between truck cabin and tank superstructure<\/li>\n<li>Simple measurement system equipped with <a href=\"\/produkt\/pd210\/\"><strong>PD210 flowmeter display<\/strong><\/a><\/li>\n<li><a href=\"\/?p=375\"><strong>Flexible impeller pump 24.000 L\/h<\/strong><\/a> equipped with electro-hydraulic drive<\/li>\n<\/ul>\n<h4 id=\"text_header_2\">\n<div id=\"wooslider-id-1\" class=\"wooslider wooslider-id-1 wooslider-type-slides wooslider-theme-default\"><ul class=\"slides\">\n\n\n\n<li class=\"slide\">\n<div class=\"slide-content\">\n<p><img class=\"size-medium aligncenter\" src=\"\/wp-content\/uploads\/romex_tanker_2000L_mercedes_sprinter_001.jpg\" alt=\"\" width=\"100%\" height=\"auto\" \/><\/p>\n<p style=\"text-align: center\">ROMEX 2000L \/ Mercedes Sprinter<\/p>\n\n<\/div>\n<\/li>\n\n\n\n\n<li class=\"slide\">\n<div class=\"slide-content\">\n<p><img class=\"size-medium aligncenter\" src=\"\/wp-content\/uploads\/romex_tanker_2000L_mercedes_sprinter_002.jpg\" alt=\"\" width=\"100%\" height=\"auto\" \/><\/p>\n<p style=\"text-align: center\">ROMEX 2000L \/ Mercedes Sprinter<\/p>\n\n<\/div>\n<\/li>\n\n\n\n\n<li class=\"slide\" data-wooslidercontent=\"&lt;div class=&quot;slide-content&quot;&gt;\n&lt;p&gt;&lt;img class=&quot;size-medium aligncenter&quot; src=&quot;\/wp-content\/uploads\/romex_tanker_2000L_mercedes_sprinter_003.jpg&quot; alt=&quot;&quot; width=&quot;100%&quot; height=&quot;auto&quot; \/&gt;&lt;\/p&gt;\n&lt;p style=&quot;text-align: center&quot;&gt;ROMEX 2000L \/ Mercedes Sprinter&lt;\/p&gt;\n\n&lt;\/div&gt;\n\"><\/li>\n\n\n\n\n<li class=\"slide\" data-wooslidercontent=\"&lt;div class=&quot;slide-content&quot;&gt;\n&lt;p&gt;&lt;img class=&quot;size-medium aligncenter&quot; src=&quot;\/wp-content\/uploads\/romex_tanker_2000L_mercedes_sprinter_004.jpg&quot; alt=&quot;&quot; width=&quot;100%&quot; height=&quot;auto&quot; \/&gt;&lt;\/p&gt;\n&lt;p style=&quot;text-align: center&quot;&gt;ROMEX 2000L \/ Mercedes Sprinter&lt;\/p&gt;\n\n&lt;\/div&gt;\n\"><\/li>\n\n\n\n\n<li class=\"slide\" data-wooslidercontent=\"&lt;div class=&quot;slide-content&quot;&gt;\n&lt;div&gt;&lt;img class=&quot; aligncenter&quot; src=&quot;\/wp-content\/uploads\/romex_tanker_2000L_mercedes_sprinter_005b.jpg&quot; alt=&quot;&quot; width=&quot;100%&quot; height=&quot;auto&quot; \/&gt;&lt;\/p&gt;\n&lt;p style=&quot;text-align: center&quot;&gt;ROMEX 2000L \/ Mercedes Sprinter&lt;\/p&gt;\n&lt;\/div&gt;\n\n&lt;\/div&gt;\n\"><\/li>\n\n\n\n<\/ul><\/div>\n\n<\/h4>\n","protected":false},"excerpt":{"rendered":"<p><strong>Cysterna 2000 L<\/strong> do zbi\u00f3rki mleka zamontowana na podwoziu Mercedes Sprinter. Autocysterna wyposa\u017cona w uk\u0142ad do odbioru mleka.<br \/>\n<strong>2000 L tanker<\/strong> for milk collection mounted on Mercedes Sprinter chassis. The tank construction has been equipped with a stainless steel cabinet located between truck and tank and a milk collection system.<br \/>\nDedicated solution for milk collection from small suppliers and from hard-to-reach places.<br \/>\nA popular choice for transportation of cow, goat and sheep milk.<\/p>\n","protected":false},"featured_media":339,"template":"","meta":[],"product_cat":[62],"product_tag":[],"_links":{"self":[{"href":"https:\/\/romex.pl\/en\/wp-json\/wp\/v2\/product\/864"}],"collection":[{"href":"https:\/\/romex.pl\/en\/wp-json\/wp\/v2\/product"}],"about":[{"href":"https:\/\/romex.pl\/en\/wp-json\/wp\/v2\/types\/product"}],"wp:featuredmedia":[{"embeddable":true,"href":"https:\/\/romex.pl\/en\/wp-json\/wp\/v2\/media\/339"}],"wp:attachment":[{"href":"https:\/\/romex.pl\/en\/wp-json\/wp\/v2\/media?parent=864"}],"wp:term":[{"taxonomy":"product_cat","embeddable":true,"href":"https:\/\/romex.pl\/en\/wp-json\/wp\/v2\/product_cat?post=864"},{"taxonomy":"product_tag","embeddable":true,"href":"https:\/\/romex.pl\/en\/wp-json\/wp\/v2\/product_tag?post=864"}],"curies":[{"name":"wp","href":"https:\/\/api.w.org\/{rel}","templated":true}]}}